{"id":2109,"date":"2022-04-20T11:43:19","date_gmt":"2022-04-20T15:43:19","guid":{"rendered":"https:\/\/givernycapital.com\/our-team\/karine-primeau\/"},"modified":"2023-10-16T15:50:20","modified_gmt":"2023-10-16T19:50:20","slug":"karine-primeau","status":"publish","type":"page","link":"https:\/\/givernycapital.com\/en\/our-team\/karine-primeau\/","title":{"rendered":"Karine Primeau"},"content":{"rendered":"\t\t<div data-elementor-type=\"wp-page\" data-elementor-id=\"2109\" class=\"elementor elementor-2109 elementor-1666\" data-elementor-post-type=\"page\">\n\t\t\t\t\t\t<section class=\"elementor-section elementor-top-section elementor-element elementor-element-6c6fe614 elementor-section-boxed elementor-section-height-default elementor-section-height-default\" data-id=\"6c6fe614\" data-element_type=\"section\" data-e-type=\"section\" data-settings=\"{&quot;background_background&quot;:&quot;classic&quot;}\">\n\t\t\t\t\t\t<div class=\"elementor-container elementor-column-gap-no\">\n\t\t\t\t\t<div class=\"elementor-column elementor-col-50 elementor-top-column elementor-element elementor-element-1d7d754e\" data-id=\"1d7d754e\" data-element_type=\"column\" data-e-type=\"column\">\n\t\t\t<div class=\"elementor-widget-wrap elementor-element-populated\">\n\t\t\t\t\t\t<div class=\"elementor-element elementor-element-18e0e192 elementor-widget elementor-widget-image\" data-id=\"18e0e192\" data-element_type=\"widget\" data-e-type=\"widget\" data-widget_type=\"image.default\">\n\t\t\t\t<div class=\"elementor-widget-container\">\n\t\t\t\t\t\t\t\t\t\t\t\t\t\t\t<img fetchpriority=\"high\" decoding=\"async\" width=\"620\" height=\"825\" src=\"https:\/\/givernycapital.com\/wp-content\/uploads\/2022\/04\/karine-full.jpg\" class=\"attachment-large size-large wp-image-1635\" alt=\"\" srcset=\"https:\/\/givernycapital.com\/wp-content\/uploads\/2022\/04\/karine-full.jpg 620w, https:\/\/givernycapital.com\/wp-content\/uploads\/2022\/04\/karine-full-225x300.jpg 225w\" sizes=\"(max-width: 620px) 100vw, 620px\" \/>\t\t\t\t\t\t\t\t\t\t\t\t\t\t\t<\/div>\n\t\t\t\t<\/div>\n\t\t\t\t\t<\/div>\n\t\t<\/div>\n\t\t\t\t<div class=\"elementor-column elementor-col-50 elementor-top-column elementor-element elementor-element-2ee3466f\" data-id=\"2ee3466f\" data-element_type=\"column\" data-e-type=\"column\">\n\t\t\t<div class=\"elementor-widget-wrap elementor-element-populated\">\n\t\t\t\t\t\t<div class=\"elementor-element elementor-element-6c043b57 elementor-widget elementor-widget-heading\" data-id=\"6c043b57\" data-element_type=\"widget\" data-e-type=\"widget\" data-widget_type=\"heading.default\">\n\t\t\t\t<div class=\"elementor-widget-container\">\n\t\t\t\t\t<h2 class=\"elementor-heading-title elementor-size-default\">Karine Primeau\n<\/h2>\t\t\t\t<\/div>\n\t\t\t\t<\/div>\n\t\t\t\t<div class=\"elementor-element elementor-element-5c00b83 elementor-widget elementor-widget-heading\" data-id=\"5c00b83\" data-element_type=\"widget\" data-e-type=\"widget\" data-widget_type=\"heading.default\">\n\t\t\t\t<div class=\"elementor-widget-container\">\n\t\t\t\t\t<h3 class=\"elementor-heading-title elementor-size-default\">Vice-President, Client Experience &amp; Partner<\/h3>\t\t\t\t<\/div>\n\t\t\t\t<\/div>\n\t\t\t\t<div class=\"elementor-element elementor-element-4edbdb1b elementor-widget elementor-widget-text-editor\" data-id=\"4edbdb1b\" data-element_type=\"widget\" data-e-type=\"widget\" data-widget_type=\"text-editor.default\">\n\t\t\t\t<div class=\"elementor-widget-container\">\n\t\t\t\t\t\t\t\t\t<p>Karine Primeau graduated in accounting from the Universit\u00e9 du Qu\u00e9bec \u00e0 Montr\u00e9al. She started her career at Raymond Chabot Grant Thornton with the private wealth management division.<br \/><br \/>Karine joined Giverny Capital in 2005 as an Account Administrator. She was promoted to Vice-President in 2020.<\/p>\t\t\t\t\t\t\t\t<\/div>\n\t\t\t\t<\/div>\n\t\t\t\t\t<\/div>\n\t\t<\/div>\n\t\t\t\t\t<\/div>\n\t\t<\/section>\n\t\t\t\t<\/div>\n\t\t","protected":false},"excerpt":{"rendered":"<p>Karine Primeau Vice-President, Client Experience &amp; Partner Karine Primeau graduated in accounting from the Universit\u00e9 du Qu\u00e9bec \u00e0 Montr\u00e9al. She started her career at Raymond Chabot Grant Thornton with the private wealth management division. Karine joined Giverny Capital in 2005 as an Account Administrator. She was promoted to Vice-President in 2020.<\/p>\n","protected":false},"author":2,"featured_media":0,"parent":2070,"menu_order":0,"comment_status":"closed","ping_status":"closed","template":"","meta":{"_acf_changed":false,"site-sidebar-layout":"no-sidebar","site-content-layout":"page-builder","ast-site-content-layout":"default","site-content-style":"default","site-sidebar-style":"default","ast-global-header-display":"","ast-banner-title-visibility":"","ast-main-header-display":"","ast-hfb-above-header-display":"","ast-hfb-below-header-display":"","ast-hfb-mobile-header-display":"","site-post-title":"disabled","ast-breadcrumbs-content":"","ast-featured-img":"disabled","footer-sml-layout":"","ast-disable-related-posts":"","theme-transparent-header-meta":"","adv-header-id-meta":"","stick-header-meta":"","header-above-stick-meta":"","header-main-stick-meta":"","header-below-stick-meta":"","astra-migrate-meta-layouts":"default","ast-page-background-enabled":"default","ast-page-background-meta":{"desktop":{"background-color":"","background-image":"","background-repeat":"repeat","background-position":"center center","background-size":"auto","background-attachment":"scroll","background-type":"","background-media":"","overlay-type":"","overlay-color":"","overlay-opacity":"","overlay-gradient":""},"tablet":{"background-color":"","background-image":"","background-repeat":"repeat","background-position":"center center","background-size":"auto","background-attachment":"scroll","background-type":"","background-media":"","overlay-type":"","overlay-color":"","overlay-opacity":"","overlay-gradient":""},"mobile":{"background-color":"","background-image":"","background-repeat":"repeat","background-position":"center center","background-size":"auto","background-attachment":"scroll","background-type":"","background-media":"","overlay-type":"","overlay-color":"","overlay-opacity":"","overlay-gradient":""}},"ast-content-background-meta":{"desktop":{"background-color":"var(--ast-global-color-5)","background-image":"","background-repeat":"repeat","background-position":"center center","background-size":"auto","background-attachment":"scroll","background-type":"","background-media":"","overlay-type":"","overlay-color":"","overlay-opacity":"","overlay-gradient":""},"tablet":{"background-color":"var(--ast-global-color-5)","background-image":"","background-repeat":"repeat","background-position":"center center","background-size":"auto","background-attachment":"scroll","background-type":"","background-media":"","overlay-type":"","overlay-color":"","overlay-opacity":"","overlay-gradient":""},"mobile":{"background-color":"var(--ast-global-color-5)","background-image":"","background-repeat":"repeat","background-position":"center center","background-size":"auto","background-attachment":"scroll","background-type":"","background-media":"","overlay-type":"","overlay-color":"","overlay-opacity":"","overlay-gradient":""}},"footnotes":""},"class_list":["post-2109","page","type-page","status-publish","hentry"],"acf":[],"yoast_head":"<!-- This site is optimized with the Yoast SEO plugin v27.3 - https:\/\/yoast.com\/product\/yoast-seo-wordpress\/ -->\n<title>Karine Primeau - Giverny Capital<\/title>\n<meta name=\"robots\" content=\"index, follow, max-snippet:-1, max-image-preview:large, max-video-preview:-1\" \/>\n<link rel=\"canonical\" href=\"https:\/\/givernycapital.com\/en\/our-team\/karine-primeau\/\" \/>\n<meta property=\"og:locale\" content=\"en_US\" \/>\n<meta property=\"og:type\" content=\"article\" \/>\n<meta property=\"og:title\" content=\"Karine Primeau - Giverny Capital\" \/>\n<meta property=\"og:description\" content=\"Karine Primeau Vice-President, Client Experience &amp; Partner Karine Primeau graduated in accounting from the Universit\u00e9 du Qu\u00e9bec \u00e0 Montr\u00e9al. She started her career at Raymond Chabot Grant Thornton with the private wealth management division. Karine joined Giverny Capital in 2005 as an Account Administrator. She was promoted to Vice-President in 2020.\" \/>\n<meta property=\"og:url\" content=\"https:\/\/givernycapital.com\/en\/our-team\/karine-primeau\/\" \/>\n<meta property=\"og:site_name\" content=\"Giverny Capital\" \/>\n<meta property=\"article:modified_time\" content=\"2023-10-16T19:50:20+00:00\" \/>\n<meta property=\"og:image\" content=\"https:\/\/givernycapital.com\/wp-content\/uploads\/2022\/04\/karine-full.jpg\" \/>\n<meta name=\"twitter:card\" content=\"summary_large_image\" \/>\n<meta name=\"twitter:label1\" content=\"Est. reading time\" \/>\n\t<meta name=\"twitter:data1\" content=\"1 minute\" \/>\n<script type=\"application\/ld+json\" class=\"yoast-schema-graph\">{\"@context\":\"https:\\\/\\\/schema.org\",\"@graph\":[{\"@type\":\"WebPage\",\"@id\":\"https:\\\/\\\/givernycapital.com\\\/en\\\/our-team\\\/karine-primeau\\\/\",\"url\":\"https:\\\/\\\/givernycapital.com\\\/en\\\/our-team\\\/karine-primeau\\\/\",\"name\":\"Karine Primeau - Giverny Capital\",\"isPartOf\":{\"@id\":\"https:\\\/\\\/givernycapital.com\\\/en\\\/#website\"},\"primaryImageOfPage\":{\"@id\":\"https:\\\/\\\/givernycapital.com\\\/en\\\/our-team\\\/karine-primeau\\\/#primaryimage\"},\"image\":{\"@id\":\"https:\\\/\\\/givernycapital.com\\\/en\\\/our-team\\\/karine-primeau\\\/#primaryimage\"},\"thumbnailUrl\":\"https:\\\/\\\/givernycapital.com\\\/wp-content\\\/uploads\\\/2022\\\/04\\\/karine-full.jpg\",\"datePublished\":\"2022-04-20T15:43:19+00:00\",\"dateModified\":\"2023-10-16T19:50:20+00:00\",\"breadcrumb\":{\"@id\":\"https:\\\/\\\/givernycapital.com\\\/en\\\/our-team\\\/karine-primeau\\\/#breadcrumb\"},\"inLanguage\":\"en-US\",\"potentialAction\":[{\"@type\":\"ReadAction\",\"target\":[\"https:\\\/\\\/givernycapital.com\\\/en\\\/our-team\\\/karine-primeau\\\/\"]}]},{\"@type\":\"ImageObject\",\"inLanguage\":\"en-US\",\"@id\":\"https:\\\/\\\/givernycapital.com\\\/en\\\/our-team\\\/karine-primeau\\\/#primaryimage\",\"url\":\"https:\\\/\\\/givernycapital.com\\\/wp-content\\\/uploads\\\/2022\\\/04\\\/karine-full.jpg\",\"contentUrl\":\"https:\\\/\\\/givernycapital.com\\\/wp-content\\\/uploads\\\/2022\\\/04\\\/karine-full.jpg\"},{\"@type\":\"BreadcrumbList\",\"@id\":\"https:\\\/\\\/givernycapital.com\\\/en\\\/our-team\\\/karine-primeau\\\/#breadcrumb\",\"itemListElement\":[{\"@type\":\"ListItem\",\"position\":1,\"name\":\"Home\",\"item\":\"https:\\\/\\\/givernycapital.com\\\/en\\\/\"},{\"@type\":\"ListItem\",\"position\":2,\"name\":\"Our Team\",\"item\":\"https:\\\/\\\/givernycapital.com\\\/en\\\/our-team\\\/\"},{\"@type\":\"ListItem\",\"position\":3,\"name\":\"Karine Primeau\"}]},{\"@type\":\"WebSite\",\"@id\":\"https:\\\/\\\/givernycapital.com\\\/en\\\/#website\",\"url\":\"https:\\\/\\\/givernycapital.com\\\/en\\\/\",\"name\":\"Giverny Capital\",\"description\":\"\",\"publisher\":{\"@id\":\"https:\\\/\\\/givernycapital.com\\\/en\\\/#organization\"},\"potentialAction\":[{\"@type\":\"SearchAction\",\"target\":{\"@type\":\"EntryPoint\",\"urlTemplate\":\"https:\\\/\\\/givernycapital.com\\\/en\\\/?s={search_term_string}\"},\"query-input\":{\"@type\":\"PropertyValueSpecification\",\"valueRequired\":true,\"valueName\":\"search_term_string\"}}],\"inLanguage\":\"en-US\"},{\"@type\":\"Organization\",\"@id\":\"https:\\\/\\\/givernycapital.com\\\/en\\\/#organization\",\"name\":\"Giverny Capital\",\"url\":\"https:\\\/\\\/givernycapital.com\\\/en\\\/\",\"logo\":{\"@type\":\"ImageObject\",\"inLanguage\":\"en-US\",\"@id\":\"https:\\\/\\\/givernycapital.com\\\/en\\\/#\\\/schema\\\/logo\\\/image\\\/\",\"url\":\"https:\\\/\\\/givernycapital.com\\\/wp-content\\\/uploads\\\/2022\\\/03\\\/giverny-logo-couleur-rgb.svg\",\"contentUrl\":\"https:\\\/\\\/givernycapital.com\\\/wp-content\\\/uploads\\\/2022\\\/03\\\/giverny-logo-couleur-rgb.svg\",\"width\":311,\"height\":100,\"caption\":\"Giverny Capital\"},\"image\":{\"@id\":\"https:\\\/\\\/givernycapital.com\\\/en\\\/#\\\/schema\\\/logo\\\/image\\\/\"}}]}<\/script>\n<!-- \/ Yoast SEO plugin. -->","yoast_head_json":{"title":"Karine Primeau - Giverny Capital","robots":{"index":"index","follow":"follow","max-snippet":"max-snippet:-1","max-image-preview":"max-image-preview:large","max-video-preview":"max-video-preview:-1"},"canonical":"https:\/\/givernycapital.com\/en\/our-team\/karine-primeau\/","og_locale":"en_US","og_type":"article","og_title":"Karine Primeau - Giverny Capital","og_description":"Karine Primeau Vice-President, Client Experience &amp; Partner Karine Primeau graduated in accounting from the Universit\u00e9 du Qu\u00e9bec \u00e0 Montr\u00e9al. She started her career at Raymond Chabot Grant Thornton with the private wealth management division. Karine joined Giverny Capital in 2005 as an Account Administrator. She was promoted to Vice-President in 2020.","og_url":"https:\/\/givernycapital.com\/en\/our-team\/karine-primeau\/","og_site_name":"Giverny Capital","article_modified_time":"2023-10-16T19:50:20+00:00","og_image":[{"url":"https:\/\/givernycapital.com\/wp-content\/uploads\/2022\/04\/karine-full.jpg","type":"","width":"","height":""}],"twitter_card":"summary_large_image","twitter_misc":{"Est. reading time":"1 minute"},"schema":{"@context":"https:\/\/schema.org","@graph":[{"@type":"WebPage","@id":"https:\/\/givernycapital.com\/en\/our-team\/karine-primeau\/","url":"https:\/\/givernycapital.com\/en\/our-team\/karine-primeau\/","name":"Karine Primeau - Giverny Capital","isPartOf":{"@id":"https:\/\/givernycapital.com\/en\/#website"},"primaryImageOfPage":{"@id":"https:\/\/givernycapital.com\/en\/our-team\/karine-primeau\/#primaryimage"},"image":{"@id":"https:\/\/givernycapital.com\/en\/our-team\/karine-primeau\/#primaryimage"},"thumbnailUrl":"https:\/\/givernycapital.com\/wp-content\/uploads\/2022\/04\/karine-full.jpg","datePublished":"2022-04-20T15:43:19+00:00","dateModified":"2023-10-16T19:50:20+00:00","breadcrumb":{"@id":"https:\/\/givernycapital.com\/en\/our-team\/karine-primeau\/#breadcrumb"},"inLanguage":"en-US","potentialAction":[{"@type":"ReadAction","target":["https:\/\/givernycapital.com\/en\/our-team\/karine-primeau\/"]}]},{"@type":"ImageObject","inLanguage":"en-US","@id":"https:\/\/givernycapital.com\/en\/our-team\/karine-primeau\/#primaryimage","url":"https:\/\/givernycapital.com\/wp-content\/uploads\/2022\/04\/karine-full.jpg","contentUrl":"https:\/\/givernycapital.com\/wp-content\/uploads\/2022\/04\/karine-full.jpg"},{"@type":"BreadcrumbList","@id":"https:\/\/givernycapital.com\/en\/our-team\/karine-primeau\/#breadcrumb","itemListElement":[{"@type":"ListItem","position":1,"name":"Home","item":"https:\/\/givernycapital.com\/en\/"},{"@type":"ListItem","position":2,"name":"Our Team","item":"https:\/\/givernycapital.com\/en\/our-team\/"},{"@type":"ListItem","position":3,"name":"Karine Primeau"}]},{"@type":"WebSite","@id":"https:\/\/givernycapital.com\/en\/#website","url":"https:\/\/givernycapital.com\/en\/","name":"Giverny Capital","description":"","publisher":{"@id":"https:\/\/givernycapital.com\/en\/#organization"},"potentialAction":[{"@type":"SearchAction","target":{"@type":"EntryPoint","urlTemplate":"https:\/\/givernycapital.com\/en\/?s={search_term_string}"},"query-input":{"@type":"PropertyValueSpecification","valueRequired":true,"valueName":"search_term_string"}}],"inLanguage":"en-US"},{"@type":"Organization","@id":"https:\/\/givernycapital.com\/en\/#organization","name":"Giverny Capital","url":"https:\/\/givernycapital.com\/en\/","logo":{"@type":"ImageObject","inLanguage":"en-US","@id":"https:\/\/givernycapital.com\/en\/#\/schema\/logo\/image\/","url":"https:\/\/givernycapital.com\/wp-content\/uploads\/2022\/03\/giverny-logo-couleur-rgb.svg","contentUrl":"https:\/\/givernycapital.com\/wp-content\/uploads\/2022\/03\/giverny-logo-couleur-rgb.svg","width":311,"height":100,"caption":"Giverny Capital"},"image":{"@id":"https:\/\/givernycapital.com\/en\/#\/schema\/logo\/image\/"}}]}},"_links":{"self":[{"href":"https:\/\/givernycapital.com\/en\/wp-json\/wp\/v2\/pages\/2109","targetHints":{"allow":["GET"]}}],"collection":[{"href":"https:\/\/givernycapital.com\/en\/wp-json\/wp\/v2\/pages"}],"about":[{"href":"https:\/\/givernycapital.com\/en\/wp-json\/wp\/v2\/types\/page"}],"author":[{"embeddable":true,"href":"https:\/\/givernycapital.com\/en\/wp-json\/wp\/v2\/users\/2"}],"replies":[{"embeddable":true,"href":"https:\/\/givernycapital.com\/en\/wp-json\/wp\/v2\/comments?post=2109"}],"version-history":[{"count":0,"href":"https:\/\/givernycapital.com\/en\/wp-json\/wp\/v2\/pages\/2109\/revisions"}],"up":[{"embeddable":true,"href":"https:\/\/givernycapital.com\/en\/wp-json\/wp\/v2\/pages\/2070"}],"wp:attachment":[{"href":"https:\/\/givernycapital.com\/en\/wp-json\/wp\/v2\/media?parent=2109"}],"curies":[{"name":"wp","href":"https:\/\/api.w.org\/{rel}","templated":true}]}}