{"id":3223,"date":"2024-09-23T12:33:19","date_gmt":"2024-09-23T16:33:19","guid":{"rendered":"https:\/\/givernycapital.com\/?page_id=3223"},"modified":"2024-09-23T12:36:32","modified_gmt":"2024-09-23T16:36:32","slug":"manon-piche","status":"publish","type":"page","link":"https:\/\/givernycapital.com\/en\/our-team\/manon-piche\/","title":{"rendered":"Manon Pich\u00e9"},"content":{"rendered":"\t\t<div data-elementor-type=\"wp-page\" data-elementor-id=\"3223\" class=\"elementor elementor-3223 elementor-3222\" data-elementor-post-type=\"page\">\n\t\t\t\t\t\t<section class=\"elementor-section elementor-top-section elementor-element elementor-element-3d6f3e89 elementor-section-boxed elementor-section-height-default elementor-section-height-default\" data-id=\"3d6f3e89\" data-element_type=\"section\" data-e-type=\"section\" data-settings=\"{&quot;background_background&quot;:&quot;classic&quot;}\">\n\t\t\t\t\t\t<div class=\"elementor-container elementor-column-gap-no\">\n\t\t\t\t\t<div class=\"elementor-column elementor-col-50 elementor-top-column elementor-element elementor-element-6d238fb7\" data-id=\"6d238fb7\" data-element_type=\"column\" data-e-type=\"column\">\n\t\t\t<div class=\"elementor-widget-wrap elementor-element-populated\">\n\t\t\t\t\t\t\t<\/div>\n\t\t<\/div>\n\t\t\t\t<div class=\"elementor-column elementor-col-50 elementor-top-column elementor-element elementor-element-70d47be8\" data-id=\"70d47be8\" data-element_type=\"column\" data-e-type=\"column\">\n\t\t\t<div class=\"elementor-widget-wrap elementor-element-populated\">\n\t\t\t\t\t\t<div class=\"elementor-element elementor-element-79141ed7 elementor-widget elementor-widget-heading\" data-id=\"79141ed7\" data-element_type=\"widget\" data-e-type=\"widget\" data-widget_type=\"heading.default\">\n\t\t\t\t<div class=\"elementor-widget-container\">\n\t\t\t\t\t<h2 class=\"elementor-heading-title elementor-size-default\">Manon Pich\u00e9<\/h2>\t\t\t\t<\/div>\n\t\t\t\t<\/div>\n\t\t\t\t<div class=\"elementor-element elementor-element-334273ac elementor-widget elementor-widget-heading\" data-id=\"334273ac\" data-element_type=\"widget\" data-e-type=\"widget\" data-widget_type=\"heading.default\">\n\t\t\t\t<div class=\"elementor-widget-container\">\n\t\t\t\t\t<h3 class=\"elementor-heading-title elementor-size-default\">Accountant Technician<\/h3>\t\t\t\t<\/div>\n\t\t\t\t<\/div>\n\t\t\t\t<div class=\"elementor-element elementor-element-2f97c09d elementor-widget elementor-widget-text-editor\" data-id=\"2f97c09d\" data-element_type=\"widget\" data-e-type=\"widget\" data-widget_type=\"text-editor.default\">\n\t\t\t\t<div class=\"elementor-widget-container\">\n\t\t\t\t\t\t\t\t\t<p>With her college studies in Administration, Finance and HR from C\u00e9gep Andr\u00e9 Laurendeau, Manon has held several positions in accounting\/administration related to the construction industry. Manon joined the Giverny Capital team in June 2024 as an accounting technician<\/p>\t\t\t\t\t\t\t\t<\/div>\n\t\t\t\t<\/div>\n\t\t\t\t\t<\/div>\n\t\t<\/div>\n\t\t\t\t\t<\/div>\n\t\t<\/section>\n\t\t\t\t<\/div>\n\t\t","protected":false},"excerpt":{"rendered":"<p>Manon Pich\u00e9 Accountant Technician With her college studies in Administration, Finance and HR from C\u00e9gep Andr\u00e9 Laurendeau, Manon has held several positions in accounting\/administration related to the construction industry. Manon joined the Giverny Capital team in June 2024 as an accounting technician<\/p>\n","protected":false},"author":6,"featured_media":0,"parent":2070,"menu_order":0,"comment_status":"closed","ping_status":"closed","template":"","meta":{"_acf_changed":false,"site-sidebar-layout":"no-sidebar","site-content-layout":"page-builder","ast-site-content-layout":"full-width-container","site-content-style":"unboxed","site-sidebar-style":"unboxed","ast-global-header-display":"","ast-banner-title-visibility":"","ast-main-header-display":"","ast-hfb-above-header-display":"","ast-hfb-below-header-display":"","ast-hfb-mobile-header-display":"","site-post-title":"disabled","ast-breadcrumbs-content":"","ast-featured-img":"disabled","footer-sml-layout":"","ast-disable-related-posts":"","theme-transparent-header-meta":"default","adv-header-id-meta":"","stick-header-meta":"default","header-above-stick-meta":"","header-main-stick-meta":"","header-below-stick-meta":"","astra-migrate-meta-layouts":"set","ast-page-background-enabled":"default","ast-page-background-meta":{"desktop":{"background-color":"","background-image":"","background-repeat":"repeat","background-position":"center center","background-size":"auto","background-attachment":"scroll","background-type":"","background-media":"","overlay-type":"","overlay-color":"","overlay-opacity":"","overlay-gradient":""},"tablet":{"background-color":"","background-image":"","background-repeat":"repeat","background-position":"center center","background-size":"auto","background-attachment":"scroll","background-type":"","background-media":"","overlay-type":"","overlay-color":"","overlay-opacity":"","overlay-gradient":""},"mobile":{"background-color":"","background-image":"","background-repeat":"repeat","background-position":"center center","background-size":"auto","background-attachment":"scroll","background-type":"","background-media":"","overlay-type":"","overlay-color":"","overlay-opacity":"","overlay-gradient":""}},"ast-content-background-meta":{"desktop":{"background-color":"var(--ast-global-color-5)","background-image":"","background-repeat":"repeat","background-position":"center center","background-size":"auto","background-attachment":"scroll","background-type":"","background-media":"","overlay-type":"","overlay-color":"","overlay-opacity":"","overlay-gradient":""},"tablet":{"background-color":"var(--ast-global-color-5)","background-image":"","background-repeat":"repeat","background-position":"center center","background-size":"auto","background-attachment":"scroll","background-type":"","background-media":"","overlay-type":"","overlay-color":"","overlay-opacity":"","overlay-gradient":""},"mobile":{"background-color":"var(--ast-global-color-5)","background-image":"","background-repeat":"repeat","background-position":"center center","background-size":"auto","background-attachment":"scroll","background-type":"","background-media":"","overlay-type":"","overlay-color":"","overlay-opacity":"","overlay-gradient":""}},"footnotes":""},"class_list":["post-3223","page","type-page","status-publish","hentry"],"acf":[],"yoast_head":"<!-- This site is optimized with the Yoast SEO plugin v27.3 - https:\/\/yoast.com\/product\/yoast-seo-wordpress\/ -->\n<title>Manon Pich\u00e9 - Giverny Capital<\/title>\n<meta name=\"robots\" content=\"index, follow, max-snippet:-1, max-image-preview:large, max-video-preview:-1\" \/>\n<link rel=\"canonical\" href=\"https:\/\/givernycapital.com\/en\/our-team\/manon-piche\/\" \/>\n<meta property=\"og:locale\" content=\"en_US\" \/>\n<meta property=\"og:type\" content=\"article\" \/>\n<meta property=\"og:title\" content=\"Manon Pich\u00e9 - Giverny Capital\" \/>\n<meta property=\"og:description\" content=\"Manon Pich\u00e9 Accountant Technician With her college studies in Administration, Finance and HR from C\u00e9gep Andr\u00e9 Laurendeau, Manon has held several positions in accounting\/administration related to the construction industry. Manon joined the Giverny Capital team in June 2024 as an accounting technician\" \/>\n<meta property=\"og:url\" content=\"https:\/\/givernycapital.com\/en\/our-team\/manon-piche\/\" \/>\n<meta property=\"og:site_name\" content=\"Giverny Capital\" \/>\n<meta property=\"article:modified_time\" content=\"2024-09-23T16:36:32+00:00\" \/>\n<meta name=\"twitter:card\" content=\"summary_large_image\" \/>\n<meta name=\"twitter:label1\" content=\"Est. reading time\" \/>\n\t<meta name=\"twitter:data1\" content=\"1 minute\" \/>\n<script type=\"application\/ld+json\" class=\"yoast-schema-graph\">{\"@context\":\"https:\\\/\\\/schema.org\",\"@graph\":[{\"@type\":\"WebPage\",\"@id\":\"https:\\\/\\\/givernycapital.com\\\/en\\\/our-team\\\/manon-piche\\\/\",\"url\":\"https:\\\/\\\/givernycapital.com\\\/en\\\/our-team\\\/manon-piche\\\/\",\"name\":\"Manon Pich\u00e9 - Giverny Capital\",\"isPartOf\":{\"@id\":\"https:\\\/\\\/givernycapital.com\\\/en\\\/#website\"},\"datePublished\":\"2024-09-23T16:33:19+00:00\",\"dateModified\":\"2024-09-23T16:36:32+00:00\",\"breadcrumb\":{\"@id\":\"https:\\\/\\\/givernycapital.com\\\/en\\\/our-team\\\/manon-piche\\\/#breadcrumb\"},\"inLanguage\":\"en-US\",\"potentialAction\":[{\"@type\":\"ReadAction\",\"target\":[\"https:\\\/\\\/givernycapital.com\\\/en\\\/our-team\\\/manon-piche\\\/\"]}]},{\"@type\":\"BreadcrumbList\",\"@id\":\"https:\\\/\\\/givernycapital.com\\\/en\\\/our-team\\\/manon-piche\\\/#breadcrumb\",\"itemListElement\":[{\"@type\":\"ListItem\",\"position\":1,\"name\":\"Home\",\"item\":\"https:\\\/\\\/givernycapital.com\\\/en\\\/\"},{\"@type\":\"ListItem\",\"position\":2,\"name\":\"Our Team\",\"item\":\"https:\\\/\\\/givernycapital.com\\\/en\\\/our-team\\\/\"},{\"@type\":\"ListItem\",\"position\":3,\"name\":\"Manon Pich\u00e9\"}]},{\"@type\":\"WebSite\",\"@id\":\"https:\\\/\\\/givernycapital.com\\\/en\\\/#website\",\"url\":\"https:\\\/\\\/givernycapital.com\\\/en\\\/\",\"name\":\"Giverny Capital\",\"description\":\"\",\"publisher\":{\"@id\":\"https:\\\/\\\/givernycapital.com\\\/en\\\/#organization\"},\"potentialAction\":[{\"@type\":\"SearchAction\",\"target\":{\"@type\":\"EntryPoint\",\"urlTemplate\":\"https:\\\/\\\/givernycapital.com\\\/en\\\/?s={search_term_string}\"},\"query-input\":{\"@type\":\"PropertyValueSpecification\",\"valueRequired\":true,\"valueName\":\"search_term_string\"}}],\"inLanguage\":\"en-US\"},{\"@type\":\"Organization\",\"@id\":\"https:\\\/\\\/givernycapital.com\\\/en\\\/#organization\",\"name\":\"Giverny Capital\",\"url\":\"https:\\\/\\\/givernycapital.com\\\/en\\\/\",\"logo\":{\"@type\":\"ImageObject\",\"inLanguage\":\"en-US\",\"@id\":\"https:\\\/\\\/givernycapital.com\\\/en\\\/#\\\/schema\\\/logo\\\/image\\\/\",\"url\":\"https:\\\/\\\/givernycapital.com\\\/wp-content\\\/uploads\\\/2022\\\/03\\\/giverny-logo-couleur-rgb.svg\",\"contentUrl\":\"https:\\\/\\\/givernycapital.com\\\/wp-content\\\/uploads\\\/2022\\\/03\\\/giverny-logo-couleur-rgb.svg\",\"width\":311,\"height\":100,\"caption\":\"Giverny Capital\"},\"image\":{\"@id\":\"https:\\\/\\\/givernycapital.com\\\/en\\\/#\\\/schema\\\/logo\\\/image\\\/\"}}]}<\/script>\n<!-- \/ Yoast SEO plugin. -->","yoast_head_json":{"title":"Manon Pich\u00e9 - Giverny Capital","robots":{"index":"index","follow":"follow","max-snippet":"max-snippet:-1","max-image-preview":"max-image-preview:large","max-video-preview":"max-video-preview:-1"},"canonical":"https:\/\/givernycapital.com\/en\/our-team\/manon-piche\/","og_locale":"en_US","og_type":"article","og_title":"Manon Pich\u00e9 - Giverny Capital","og_description":"Manon Pich\u00e9 Accountant Technician With her college studies in Administration, Finance and HR from C\u00e9gep Andr\u00e9 Laurendeau, Manon has held several positions in accounting\/administration related to the construction industry. Manon joined the Giverny Capital team in June 2024 as an accounting technician","og_url":"https:\/\/givernycapital.com\/en\/our-team\/manon-piche\/","og_site_name":"Giverny Capital","article_modified_time":"2024-09-23T16:36:32+00:00","twitter_card":"summary_large_image","twitter_misc":{"Est. reading time":"1 minute"},"schema":{"@context":"https:\/\/schema.org","@graph":[{"@type":"WebPage","@id":"https:\/\/givernycapital.com\/en\/our-team\/manon-piche\/","url":"https:\/\/givernycapital.com\/en\/our-team\/manon-piche\/","name":"Manon Pich\u00e9 - Giverny Capital","isPartOf":{"@id":"https:\/\/givernycapital.com\/en\/#website"},"datePublished":"2024-09-23T16:33:19+00:00","dateModified":"2024-09-23T16:36:32+00:00","breadcrumb":{"@id":"https:\/\/givernycapital.com\/en\/our-team\/manon-piche\/#breadcrumb"},"inLanguage":"en-US","potentialAction":[{"@type":"ReadAction","target":["https:\/\/givernycapital.com\/en\/our-team\/manon-piche\/"]}]},{"@type":"BreadcrumbList","@id":"https:\/\/givernycapital.com\/en\/our-team\/manon-piche\/#breadcrumb","itemListElement":[{"@type":"ListItem","position":1,"name":"Home","item":"https:\/\/givernycapital.com\/en\/"},{"@type":"ListItem","position":2,"name":"Our Team","item":"https:\/\/givernycapital.com\/en\/our-team\/"},{"@type":"ListItem","position":3,"name":"Manon Pich\u00e9"}]},{"@type":"WebSite","@id":"https:\/\/givernycapital.com\/en\/#website","url":"https:\/\/givernycapital.com\/en\/","name":"Giverny Capital","description":"","publisher":{"@id":"https:\/\/givernycapital.com\/en\/#organization"},"potentialAction":[{"@type":"SearchAction","target":{"@type":"EntryPoint","urlTemplate":"https:\/\/givernycapital.com\/en\/?s={search_term_string}"},"query-input":{"@type":"PropertyValueSpecification","valueRequired":true,"valueName":"search_term_string"}}],"inLanguage":"en-US"},{"@type":"Organization","@id":"https:\/\/givernycapital.com\/en\/#organization","name":"Giverny Capital","url":"https:\/\/givernycapital.com\/en\/","logo":{"@type":"ImageObject","inLanguage":"en-US","@id":"https:\/\/givernycapital.com\/en\/#\/schema\/logo\/image\/","url":"https:\/\/givernycapital.com\/wp-content\/uploads\/2022\/03\/giverny-logo-couleur-rgb.svg","contentUrl":"https:\/\/givernycapital.com\/wp-content\/uploads\/2022\/03\/giverny-logo-couleur-rgb.svg","width":311,"height":100,"caption":"Giverny Capital"},"image":{"@id":"https:\/\/givernycapital.com\/en\/#\/schema\/logo\/image\/"}}]}},"_links":{"self":[{"href":"https:\/\/givernycapital.com\/en\/wp-json\/wp\/v2\/pages\/3223","targetHints":{"allow":["GET"]}}],"collection":[{"href":"https:\/\/givernycapital.com\/en\/wp-json\/wp\/v2\/pages"}],"about":[{"href":"https:\/\/givernycapital.com\/en\/wp-json\/wp\/v2\/types\/page"}],"author":[{"embeddable":true,"href":"https:\/\/givernycapital.com\/en\/wp-json\/wp\/v2\/users\/6"}],"replies":[{"embeddable":true,"href":"https:\/\/givernycapital.com\/en\/wp-json\/wp\/v2\/comments?post=3223"}],"version-history":[{"count":0,"href":"https:\/\/givernycapital.com\/en\/wp-json\/wp\/v2\/pages\/3223\/revisions"}],"up":[{"embeddable":true,"href":"https:\/\/givernycapital.com\/en\/wp-json\/wp\/v2\/pages\/2070"}],"wp:attachment":[{"href":"https:\/\/givernycapital.com\/en\/wp-json\/wp\/v2\/media?parent=3223"}],"curies":[{"name":"wp","href":"https:\/\/api.w.org\/{rel}","templated":true}]}}